{"id":929,"date":"2021-08-20T16:31:34","date_gmt":"2021-08-20T14:31:34","guid":{"rendered":"https:\/\/countryworldadventures.com\/datenschutzbestimmungen\/"},"modified":"2024-06-29T19:23:13","modified_gmt":"2024-06-29T17:23:13","slug":"datenschutzbestimmungen","status":"publish","type":"page","link":"https:\/\/countryworldadventures.com\/de\/datenschutzbestimmungen\/","title":{"rendered":"Datenschutzbestimmungen"},"content":{"rendered":"\t\t<div data-elementor-type=\"wp-page\" data-elementor-id=\"929\" class=\"elementor elementor-929 elementor-168\" data-elementor-post-type=\"page\">\n\t\t\t\t\t\t<section class=\"elementor-section elementor-top-section elementor-element elementor-element-77ef9de5 elementor-section-boxed elementor-section-height-default elementor-section-height-default\" data-id=\"77ef9de5\" data-element_type=\"section\" data-e-type=\"section\">\n\t\t\t\t\t\t<div class=\"elementor-container elementor-column-gap-default\">\n\t\t\t\t\t<div class=\"elementor-column elementor-col-100 elementor-top-column elementor-element elementor-element-58d1d332\" data-id=\"58d1d332\" data-element_type=\"column\" data-e-type=\"column\">\n\t\t\t<div class=\"elementor-widget-wrap elementor-element-populated\">\n\t\t\t\t\t\t<div class=\"elementor-element elementor-element-2ea70445 elementor-widget elementor-widget-heading\" data-id=\"2ea70445\" data-element_type=\"widget\" data-e-type=\"widget\" data-widget_type=\"heading.default\">\n\t\t\t\t<div class=\"elementor-widget-container\">\n\t\t\t\t\t<h1 class=\"elementor-heading-title elementor-size-default\">Datenschutzbestimmungen<\/h1>\t\t\t\t<\/div>\n\t\t\t\t<\/div>\n\t\t\t\t<div class=\"elementor-element elementor-element-29b909b1 elementor-widget elementor-widget-text-editor\" data-id=\"29b909b1\" data-element_type=\"widget\" data-e-type=\"widget\" data-widget_type=\"text-editor.default\">\n\t\t\t\t<div class=\"elementor-widget-container\">\n\t\t\t\t\t\t\t\t\t<p class=\"font_8\"><span class=\"color_11\">Diese Datenschutzrichtlinien wurden zusammengestellt, um denjenigen, die sich Gedanken dar\u00fcber machen, wie ihre &#8222;pers\u00f6nlich identifizierbaren Informationen&#8220; (PII) online verwendet werden, besser zu helfen. PII, wie sie im US-Datenschutzrecht und in der Informationssicherheit beschrieben werden, sind Informationen, die allein oder zusammen mit anderen Informationen verwendet werden k\u00f6nnen, um eine einzelne Person zu identifizieren, zu kontaktieren oder ausfindig zu machen, oder um eine Person im Kontext zu identifizieren. Bitte lesen Sie unsere Datenschutzrichtlinien sorgf\u00e4ltig durch, um sich ein klares Bild davon zu machen, wie wir Ihre personenbezogenen Daten in \u00dcbereinstimmung mit unserer Website erfassen, verwenden, sch\u00fctzen oder anderweitig behandeln.<\/span><\/p>\n<p class=\"font_8\">\n<\/p><p class=\"font_8\"><span class=\"color_11\">Welche pers\u00f6nlichen Daten sammeln wir von den Besuchern unseres Blogs, unserer Website oder unserer App?<\/span><\/p>\n<p class=\"font_8\">\n<\/p><p class=\"font_8\"><span class=\"color_11\">Wenn Sie auf unserer Website eine Bestellung aufgeben, sich registrieren lassen oder mit uns in Kontakt treten, werden Sie unter Umst\u00e4nden aufgefordert, Ihren Namen, Ihre E-Mail-Adresse, Ihre Telefonnummer, Ihre Kreditkartendaten oder andere Angaben einzugeben, die Ihnen bei der Abwicklung Ihres Besuchs helfen.<\/span><\/p>\n<p class=\"font_8\">\n<\/p><p class=\"font_8\"><span class=\"color_11\">Wann sammeln wir Informationen?<\/span><\/p>\n<p class=\"font_8\">\n<\/p><p class=\"font_8\"><span class=\"color_11\">Wir sammeln Informationen von Ihnen, wenn Sie eine Bestellung aufgeben oder Informationen auf unserer Website eingeben.<\/span><\/p>\n<p class=\"font_8\">&nbsp;<\/p>\n<p class=\"font_8\"><span class=\"color_11\">Wie verwenden wir Ihre Informationen?<\/span><\/p>\n<p class=\"font_8\">\n<\/p><p class=\"font_8\"><span class=\"color_11\">Wir k\u00f6nnen die Informationen, die wir von Ihnen sammeln, wenn Sie sich registrieren, einen Kauf t\u00e4tigen, sich f\u00fcr unseren Newsletter anmelden, auf eine Umfrage oder Marketingmitteilung antworten, auf der Website surfen oder bestimmte andere Funktionen der Website nutzen, wie folgt verwenden:<\/span><\/p>\n<p class=\"font_8\"><span class=\"color_11\">&nbsp;&nbsp;&nbsp;&nbsp;&nbsp;&nbsp;&#8211;&nbsp;Um Ihre Transaktionen schnell zu bearbeiten.<\/span><\/p>\n<p class=\"font_8\">\n<\/p><p class=\"font_8\"><span class=\"color_11\">Wie sch\u00fctzen wir Ihre Daten?<\/span><\/p>\n<p class=\"font_8\">\n<\/p><p class=\"font_8\"><span class=\"color_11\">Unsere Website wird regelm\u00e4\u00dfig auf Sicherheitsl\u00fccken und bekannte Schwachstellen \u00fcberpr\u00fcft, um Ihren Besuch auf unserer Website so sicher wie m\u00f6glich zu machen.<\/span><\/p>\n<p class=\"font_8\"><span class=\"color_11\">Wir verwenden kein Malware-Scanning.<\/span><\/p>\n<p class=\"font_8\"><span class=\"color_11\">Ihre pers\u00f6nlichen Daten befinden sich hinter gesicherten Netzen und sind nur einer begrenzten Anzahl von Personen zug\u00e4nglich, die \u00fcber besondere Zugangsrechte zu diesen Systemen verf\u00fcgen und zur Geheimhaltung der Daten verpflichtet sind. Dar\u00fcber hinaus werden alle sensiblen Daten und Kreditinformationen, die Sie uns zur Verf\u00fcgung stellen, \u00fcber die Secure Socket Layer (SSL)-Technologie verschl\u00fcsselt.<\/span><\/p>\n<p class=\"font_8\">\n<\/p><p class=\"font_8\"><span class=\"color_11\">Wir setzen eine Reihe von Sicherheitsma\u00dfnahmen ein, wenn ein Benutzer eine Bestellung aufgibt, seine Daten eingibt, \u00fcbermittelt oder darauf zugreift, um die Sicherheit Ihrer pers\u00f6nlichen Daten zu gew\u00e4hrleisten.<\/span><\/p>\n<p class=\"font_8\">\n<\/p><p class=\"font_8\"><span class=\"color_11\">Alle Transaktionen werden \u00fcber einen Gateway-Anbieter abgewickelt und werden nicht auf unseren Servern gespeichert oder verarbeitet.<\/span><\/p>\n<p class=\"font_8\">\n<\/p><p class=\"font_8\"><span class=\"color_11\">Verwenden wir &#8222;Cookies&#8220;?<\/span><\/p>\n<p class=\"font_8\">\n<\/p><p class=\"font_8\"><span class=\"color_11\">Wir verwenden keine Cookies f\u00fcr Tracking-Zwecke<\/span><\/p>\n<p class=\"font_8\"><span class=\"color_11\">Sie k\u00f6nnen w\u00e4hlen, ob Ihr Computer Sie jedes Mal warnen soll, wenn ein Cookie gesendet wird, oder ob Sie alle Cookies deaktivieren wollen. Dies geschieht \u00fcber die Einstellungen Ihres Browsers. Da jeder Browser ein wenig anders ist, sollten Sie im Hilfemen\u00fc Ihres Browsers nachsehen, wie Sie Ihre Cookies korrekt \u00e4ndern k\u00f6nnen.<\/span><\/p>\n<p class=\"font_8\">\n<\/p><p class=\"font_8\"><span class=\"color_11\">Wenn Sie Cookies deaktivieren, funktionieren einige der Funktionen, die die Nutzung der Website effizienter machen, m\u00f6glicherweise nicht richtig.<\/span><\/p>\n<p class=\"font_8\">&nbsp;<\/p>\n<p class=\"font_8\"><span class=\"color_11\">Offenlegung durch Dritte<\/span><\/p>\n<p class=\"font_8\">\n<\/p><p class=\"font_8\"><span class=\"color_11\">Wir verkaufen, handeln oder \u00fcbertragen Ihre personenbezogenen Daten nicht an Dritte.<\/span><\/p>\n<p class=\"font_8\">\n<\/p><p class=\"font_8\"><span class=\"color_11\">Links von Dritten<\/span><\/p>\n<p class=\"font_8\">\n<\/p><p class=\"font_8\"><span class=\"color_11\">Gelegentlich k\u00f6nnen wir nach eigenem Ermessen Produkte oder Dienstleistungen Dritter in unsere Website aufnehmen oder anbieten. Diese Websites von Drittanbietern haben separate und unabh\u00e4ngige Datenschutzrichtlinien. Wir \u00fcbernehmen daher keine Verantwortung oder Haftung f\u00fcr den Inhalt und die Aktivit\u00e4ten dieser verlinkten Seiten. Wir sind jedoch bestrebt, die Integrit\u00e4t unserer Website zu sch\u00fctzen und freuen uns \u00fcber jedes Feedback zu diesen Websites.<\/span><\/p>\n<p class=\"font_8\">\n<\/p><p class=\"font_8\"><span class=\"color_11\">Google<\/span><\/p>\n<p class=\"font_8\">\n<\/p><p class=\"font_8\"><span class=\"color_11\">Die Anforderungen von Google an die Werbung lassen sich in den Werbegrunds\u00e4tzen von Google zusammenfassen. Sie werden eingef\u00fchrt, um den Nutzern eine positive Erfahrung zu bieten. <object width=\"300\" height=\"0\" data-mce-fragment=\"1\">\n  <a data-auto-recognition=\"true\" href=\"https:\/\/support.google.com\/adwordspolicy\/answer\/1316548?hl=en\" target=\"_blank\">https:\/\/support.google.com\/adwordspolicy\/answer\/1316548?hl=en<\/a>\n<\/object><\/span><\/p>\n<p class=\"font_8\"><span class=\"color_11\">Wir verwenden Google AdSense-Werbung auf unserer Website.<\/span><\/p>\n<p class=\"font_8\"><span class=\"color_11\">Google, als Drittanbieter, verwendet Cookies, um Anzeigen auf unserer Website zu schalten. Die Verwendung des DART-Cookies durch Google erm\u00f6glicht es, Anzeigen f\u00fcr unsere Nutzer zu schalten, die auf fr\u00fcheren Besuchen auf unserer Website und anderen Websites im Internet basieren. Die Nutzer k\u00f6nnen die Verwendung des DART-Cookies deaktivieren, indem sie die Datenschutzbestimmungen des Google-Anzeigen- und Content-Netzwerks aufrufen.<\/span><\/p>\n<p class=\"font_8\"><span class=\"color_11\">Wir haben die folgenden Ma\u00dfnahmen ergriffen:<\/span><\/p>\n<p class=\"font_8\"><span class=\"color_11\">&nbsp;&nbsp;&nbsp;&nbsp;&nbsp;&nbsp;&#8211;&nbsp;Google Display-Netzwerk Impression Reporting<\/span><\/p>\n<p class=\"font_8\"><span class=\"color_11\">&nbsp;&nbsp;&nbsp;&nbsp;&nbsp;&nbsp;&#8211;&nbsp;Demografische Daten und Interessenberichte<\/span><\/p>\n<p class=\"font_8\"><span class=\"color_11\">&nbsp;&nbsp;&nbsp;&nbsp;&nbsp;&nbsp;&#8211;&nbsp;DoubleClick Plattform Integration<\/span><\/p>\n<p class=\"font_8\">\n<\/p><p class=\"font_8\"><span class=\"color_11\">Wir und Drittanbieter wie Google verwenden Cookies von Erstanbietern (z. B. Google Analytics-Cookies) und Cookies von Drittanbietern (z. B. DoubleClick-Cookies) oder andere Identifikatoren von Drittanbietern, um Daten \u00fcber Nutzerinteraktionen mit Anzeigenimpressionen und anderen Anzeigenservicefunktionen im Zusammenhang mit unserer Website zu sammeln.<\/span><\/p>\n<p class=\"font_8\"><span class=\"color_11\">Abmeldung:<br>Die Nutzer k\u00f6nnen auf der Seite mit den Google-Anzeigeneinstellungen festlegen, wie Google f\u00fcr sie wirbt. Alternativ k\u00f6nnen Sie sich auf der Seite der Werbenetzwerk-Initiative abmelden oder das Browser-Add-on Google Analytics Opt Out verwenden.<\/span><\/p>\n<p class=\"font_8\">\n<\/p><p class=\"font_8\"><span class=\"color_11\">Kalifornisches Gesetz zum Schutz der Privatsph\u00e4re im Internet<\/span><\/p>\n<p class=\"font_8\">\n<\/p><p class=\"font_8\"><span class=\"color_11\">CalOPPA ist das erste bundesstaatliche Gesetz, das kommerzielle Websites und Online-Dienste dazu verpflichtet, eine Datenschutzrichtlinie zu ver\u00f6ffentlichen. Der Geltungsbereich des Gesetzes geht weit \u00fcber Kalifornien hinaus und verpflichtet jede Person oder jedes Unternehmen in den Vereinigten Staaten (und m\u00f6glicherweise weltweit), die Websites betreiben, auf denen personenbezogene Daten von kalifornischen Verbrauchern erfasst werden, eine auff\u00e4llige Datenschutzerkl\u00e4rung auf ihrer Website zu ver\u00f6ffentlichen, in der genau angegeben wird, welche Daten erfasst werden und an welche Personen oder Unternehmen sie weitergegeben werden. &#8211; Siehe mehr unter: <object width=\"300\" height=\"0\" data-mce-fragment=\"1\">\n  <a data-auto-recognition=\"true\" href=\"http:\/\/consumercal.org\/california-online-privacy-protection-act-caloppa\/#sthash.0FdRbT51.dpuf\" target=\"_blank\">http:\/\/consumercal.org\/california-online-privacy-protection-act-caloppa\/#sthash.0FdRbT51.dpuf<\/a>\n<\/object><\/span><\/p>\n<p class=\"font_8\"><span class=\"color_11\">Laut CalOPPA sind wir mit Folgendem einverstanden:<\/span><\/p>\n<p class=\"font_8\"><span class=\"color_11\">Die Nutzer k\u00f6nnen unsere Website anonym besuchen.<\/span><\/p>\n<p class=\"font_8\"><span class=\"color_11\">Sobald diese Datenschutzerkl\u00e4rung erstellt ist, werden wir einen Link zu ihr auf unserer Homepage oder zumindest auf der ersten wichtigen Seite nach dem Betreten unserer Website einf\u00fcgen.<\/span><\/p>\n<p class=\"font_8\"><span class=\"color_11\">Der Link zu unserer Datenschutzrichtlinie enth\u00e4lt das Wort &#8222;Datenschutz&#8220; und kann leicht auf der oben genannten Seite gefunden werden.<\/span><\/p>\n<p class=\"font_8\"><span class=\"color_11\">Sie werden \u00fcber alle \u00c4nderungen der Datenschutzbestimmungen informiert:<\/span><\/p>\n<p class=\"font_8\"><span class=\"color_11\">&nbsp;&nbsp;&nbsp;&nbsp;&nbsp;&nbsp;&#8211;&nbsp;Auf unserer Seite zum Datenschutz<\/span><\/p>\n<p class=\"font_8\"><span class=\"color_11\">Sie k\u00f6nnen Ihre pers\u00f6nlichen Daten \u00e4ndern:<\/span><\/p>\n<p class=\"font_8\"><span class=\"color_11\">&nbsp;&nbsp;&nbsp;&nbsp;&nbsp;&nbsp;&#8211;&nbsp;Schicken Sie uns eine E-Mail<\/span><\/p>\n<p class=\"font_8\"><span class=\"color_11\">Wie behandelt unsere Website &#8222;Do Not Track&#8220;-Signale?<\/span><\/p>\n<p class=\"font_8\"><span class=\"color_11\">Wir respektieren Do Not Track-Signale und Do Not Track, pflanzen Cookies oder verwenden Werbung, wenn ein Do Not Track (DNT) Browser-Mechanismus vorhanden ist.<\/span><\/p>\n<p class=\"font_8\"><span class=\"color_11\">Erlaubt unsere Website die Verfolgung des Verhaltens von Dritten?<\/span><\/p>\n<p class=\"font_8\"><span class=\"color_11\">Es ist auch wichtig zu wissen, dass wir das Tracking von Verhaltensdaten durch Dritte nicht zulassen.<\/span><\/p>\n<p class=\"font_8\">\n<\/p><p class=\"font_8\"><span class=\"color_11\">COPPA (Gesetz zum Schutz der Privatsph\u00e4re von Kindern im Internet)<\/span><\/p>\n<p class=\"font_8\">\n<\/p><p class=\"font_8\"><span class=\"color_11\">Wenn es um die Erfassung personenbezogener Daten von Kindern unter 13 Jahren geht, haben die Eltern nach dem Children&#8217;s Online Privacy Protection Act (COPPA) die Kontrolle. Die Federal Trade Commission, die Verbraucherschutzbeh\u00f6rde der Vereinigten Staaten, setzt die COPPA-Regel durch, in der festgelegt ist, was Betreiber von Websites und Online-Diensten tun m\u00fcssen, um die Privatsph\u00e4re und Sicherheit von Kindern im Internet zu sch\u00fctzen.<\/span><\/p>\n<p class=\"font_8\"><span class=\"color_11\">Wir wenden uns nicht speziell an Kinder unter 13 Jahren.<\/span><\/p>\n<p class=\"font_8\"><span class=\"color_11\">Erlauben wir Dritten, einschlie\u00dflich Werbenetzwerken oder Plug-ins, personenbezogene Daten von Kindern unter 13 Jahren zu sammeln?<\/span><\/p>\n<p class=\"font_8\">\n<\/p><p class=\"font_8\"><span class=\"color_11\">Faire Informationspraktiken<\/span><\/p>\n<p class=\"font_8\">\n<\/p><p class=\"font_8\"><span class=\"color_11\">Die Fair Information Practices Principles bilden das R\u00fcckgrat des Datenschutzrechts in den Vereinigten Staaten, und die darin enthaltenen Konzepte haben bei der Entwicklung von Datenschutzgesetzen auf der ganzen Welt eine wichtige Rolle gespielt. Das Verst\u00e4ndnis der Grunds\u00e4tze der fairen Informationspraxis und deren Umsetzung ist entscheidend f\u00fcr die Einhaltung der verschiedenen Datenschutzgesetze zum Schutz personenbezogener Daten.<\/span><\/p>\n<p class=\"font_8\"><span class=\"color_11\">Um den fairen Informationspraktiken gerecht zu werden, werden wir im Falle einer Datenverletzung die folgenden Ma\u00dfnahmen ergreifen:<\/span><\/p>\n<p class=\"font_8\"><span class=\"color_11\">Wir werden Sie per E-Mail benachrichtigen<\/span><\/p>\n<p class=\"font_8\"><span class=\"color_11\">&nbsp;&nbsp;&nbsp;&nbsp;&nbsp;&nbsp;&#8211;&nbsp;Innerhalb von 7 Werktagen<\/span><\/p>\n<p class=\"font_8\"><span class=\"color_11\">Wir stimmen auch dem Grundsatz des individuellen Rechtsbehelfs zu, der vorsieht, dass Einzelpersonen das Recht haben, einklagbare Rechte gegen Datenerheber und -verarbeiter geltend zu machen, die sich nicht an das Gesetz halten. Dieser Grundsatz erfordert nicht nur, dass Einzelpersonen einklagbare Rechte gegen\u00fcber Datennutzern haben, sondern auch, dass Einzelpersonen sich an Gerichte oder staatliche Stellen wenden k\u00f6nnen, um Verst\u00f6\u00dfe von Datenverarbeitern zu untersuchen und\/oder zu verfolgen.<\/span><\/p>\n<p class=\"font_8\">\n<\/p><p class=\"font_8\"><span class=\"color_11\">CAN SPAM-Gesetz<\/span><\/p>\n<p class=\"font_8\">\n<\/p><p class=\"font_8\"><span class=\"color_11\">Der CAN-SPAM Act ist ein Gesetz, das die Regeln f\u00fcr kommerzielle E-Mails festlegt, Anforderungen f\u00fcr kommerzielle Nachrichten aufstellt, den Empf\u00e4ngern das Recht einr\u00e4umt, den Versand von E-Mails an sie zu unterbinden, und harte Strafen f\u00fcr Verst\u00f6\u00dfe vorsieht.<\/span><\/p>\n<p class=\"font_8\"><span class=\"color_11\">Wir erfassen Ihre E-Mail-Adresse, um:<\/span><\/p>\n<p class=\"font_8\"><span class=\"color_11\">&nbsp;&nbsp;&nbsp;&nbsp;&nbsp;&nbsp;&#8211;&nbsp;Senden Sie Informationen, antworten Sie auf Anfragen und\/oder andere Bitten oder Fragen<\/span><\/p>\n<p class=\"font_8\"><span class=\"color_11\">&nbsp;&nbsp;&nbsp;&nbsp;&nbsp;&nbsp;&#8211;&nbsp;Bearbeiten Sie Bestellungen und senden Sie Informationen und Aktualisierungen zu Bestellungen.<\/span><\/p>\n<p class=\"font_8\"><span class=\"color_11\">&nbsp;&nbsp;&nbsp;&nbsp;&nbsp;&nbsp;&#8211;&nbsp;Senden Sie Ihnen zus\u00e4tzliche Informationen zu Ihrem Produkt und\/oder Ihrer Dienstleistung<\/span><\/p>\n<p class=\"font_8\"><span class=\"color_11\">Um die CANSPAM-Vorschriften einzuhalten, stimmen wir dem Folgenden zu:<\/span><\/p>\n<p class=\"font_8\"><span class=\"color_11\">&nbsp;&nbsp;&nbsp;&nbsp;&nbsp;&nbsp;&#8211;&nbsp;Verwenden Sie keine falschen oder irref\u00fchrenden Betreffe oder E-Mail-Adressen.<\/span><\/p>\n<p class=\"font_8\"><span class=\"color_11\">&nbsp;&nbsp;&nbsp;&nbsp;&nbsp;&nbsp;&#8211;&nbsp;Identifizieren Sie die Nachricht auf eine vern\u00fcnftige Art und Weise als Werbung.<\/span><\/p>\n<p class=\"font_8\"><span class=\"color_11\">&nbsp;&nbsp;&nbsp;&nbsp;&nbsp;&nbsp;&#8211;&nbsp;Geben Sie die physische Adresse unseres Gesch\u00e4fts- oder Standortsitzes an.<\/span><\/p>\n<p class=\"font_8\"><span class=\"color_11\">&nbsp;&nbsp;&nbsp;&nbsp;&nbsp;&nbsp;&#8211;&nbsp;\u00dcberwachen Sie E-Mail-Marketing-Dienste von Drittanbietern auf Einhaltung der Vorschriften, falls Sie einen solchen nutzen.<\/span><\/p>\n<p class=\"font_8\"><span class=\"color_11\">Wenn Sie den Erhalt zuk\u00fcnftiger E-Mails jederzeit abbestellen m\u00f6chten, k\u00f6nnen Sie uns eine E-Mail an<\/span><\/p>\n<p class=\"font_8\"><span class=\"color_11\">und wir werden Sie umgehend von&nbsp;entfernen ALLE&nbsp;Korrespondenz.<\/span><\/p>\n<p class=\"font_8\">&nbsp;<\/p>\n<p class=\"font_8\"><span class=\"color_11\">Kontaktieren Sie uns<\/span><\/p>\n<p class=\"font_8\">\n<\/p><p class=\"font_8\"><span class=\"color_11\">Wenn Sie Fragen zu dieser Datenschutzerkl\u00e4rung haben, k\u00f6nnen Sie sich mit uns in Verbindung setzen, indem Sie die nachstehenden Informationen verwenden.<\/span><\/p>\n<p class=\"font_8\"><span class=\"color_11\">countryworldadventures.com<\/span><\/p>\n<p class=\"font_8\"><span class=\"color_11\">Maimon, Las Avispas<\/span><\/p>\n<p class=\"font_8\"><span class=\"color_11\">Puerto Plata 57000<\/span><\/p>\n<p class=\"font_8\"><span class=\"color_11\">Dominikanische Republik<\/span><\/p>\n<p class=\"font_8\"><span class=\"color_11\"><object width=\"300\" height=\"0\" data-mce-fragment=\"1\">contact@countryworldadventures.com<\/object><\/span><\/p>\n<p class=\"font_8\"><span class=\"color_11\">Zuletzt bearbeitet am 2024-06-29<\/span><\/p>\t\t\t\t\t\t\t\t<\/div>\n\t\t\t\t<\/div>\n\t\t\t\t\t<\/div>\n\t\t<\/div>\n\t\t\t\t\t<\/div>\n\t\t<\/section>\n\t\t\t\t<\/div>\n\t\t","protected":false},"excerpt":{"rendered":"<p>Datenschutzbestimmungen Diese Datenschutzrichtlinien wurden zusammengestellt, um denjenigen, die sich Gedanken dar\u00fcber machen, wie ihre &#8222;pers\u00f6nlich identifizierbaren Informationen&#8220; (PII) online verwendet werden, besser zu helfen. PII, wie sie im US-Datenschutzrecht und in der Informationssicherheit beschrieben werden, sind Informationen, die allein oder zusammen mit anderen Informationen verwendet werden k\u00f6nnen, um eine einzelne Person zu identifizieren, zu kontaktieren [&hellip;]<\/p>\n","protected":false},"author":1,"featured_media":0,"parent":0,"menu_order":0,"comment_status":"closed","ping_status":"closed","template":"","meta":{"om_disable_all_campaigns":false,"_monsterinsights_skip_tracking":false,"_monsterinsights_sitenote_active":false,"_monsterinsights_sitenote_note":"","_monsterinsights_sitenote_category":0,"_uf_show_specific_survey":0,"_uf_disable_surveys":false,"site-sidebar-layout":"no-sidebar","site-content-layout":"page-builder","ast-site-content-layout":"default","site-content-style":"default","site-sidebar-style":"default","ast-global-header-display":"","ast-banner-title-visibility":"","ast-main-header-display":"","ast-hfb-above-header-display":"","ast-hfb-below-header-display":"","ast-hfb-mobile-header-display":"","site-post-title":"disabled","ast-breadcrumbs-content":"","ast-featured-img":"disabled","footer-sml-layout":"","ast-disable-related-posts":"","theme-transparent-header-meta":"default","adv-header-id-meta":"","stick-header-meta":"","header-above-stick-meta":"","header-main-stick-meta":"","header-below-stick-meta":"","astra-migrate-meta-layouts":"default","ast-page-background-enabled":"default","ast-page-background-meta":{"desktop":{"background-color":"var(--ast-global-color-4)","background-image":"","background-repeat":"repeat","background-position":"center center","background-size":"auto","background-attachment":"scroll","background-type":"","background-media":"","overlay-type":"","overlay-color":"","overlay-opacity":"","overlay-gradient":""},"tablet":{"background-color":"","background-image":"","background-repeat":"repeat","background-position":"center center","background-size":"auto","background-attachment":"scroll","background-type":"","background-media":"","overlay-type":"","overlay-color":"","overlay-opacity":"","overlay-gradient":""},"mobile":{"background-color":"","background-image":"","background-repeat":"repeat","background-position":"center center","background-size":"auto","background-attachment":"scroll","background-type":"","background-media":"","overlay-type":"","overlay-color":"","overlay-opacity":"","overlay-gradient":""}},"ast-content-background-meta":{"desktop":{"background-color":"var(--ast-global-color-5)","background-image":"","background-repeat":"repeat","background-position":"center center","background-size":"auto","background-attachment":"scroll","background-type":"","background-media":"","overlay-type":"","overlay-color":"","overlay-opacity":"","overlay-gradient":""},"tablet":{"background-color":"var(--ast-global-color-5)","background-image":"","background-repeat":"repeat","background-position":"center center","background-size":"auto","background-attachment":"scroll","background-type":"","background-media":"","overlay-type":"","overlay-color":"","overlay-opacity":"","overlay-gradient":""},"mobile":{"background-color":"var(--ast-global-color-5)","background-image":"","background-repeat":"repeat","background-position":"center center","background-size":"auto","background-attachment":"scroll","background-type":"","background-media":"","overlay-type":"","overlay-color":"","overlay-opacity":"","overlay-gradient":""}},"footnotes":""},"class_list":["post-929","page","type-page","status-publish","hentry"],"aioseo_notices":[],"_links":{"self":[{"href":"https:\/\/countryworldadventures.com\/de\/wp-json\/wp\/v2\/pages\/929","targetHints":{"allow":["GET"]}}],"collection":[{"href":"https:\/\/countryworldadventures.com\/de\/wp-json\/wp\/v2\/pages"}],"about":[{"href":"https:\/\/countryworldadventures.com\/de\/wp-json\/wp\/v2\/types\/page"}],"author":[{"embeddable":true,"href":"https:\/\/countryworldadventures.com\/de\/wp-json\/wp\/v2\/users\/1"}],"replies":[{"embeddable":true,"href":"https:\/\/countryworldadventures.com\/de\/wp-json\/wp\/v2\/comments?post=929"}],"version-history":[{"count":8,"href":"https:\/\/countryworldadventures.com\/de\/wp-json\/wp\/v2\/pages\/929\/revisions"}],"predecessor-version":[{"id":1859,"href":"https:\/\/countryworldadventures.com\/de\/wp-json\/wp\/v2\/pages\/929\/revisions\/1859"}],"wp:attachment":[{"href":"https:\/\/countryworldadventures.com\/de\/wp-json\/wp\/v2\/media?parent=929"}],"curies":[{"name":"wp","href":"https:\/\/api.w.org\/{rel}","templated":true}]}}