{"id":926,"date":"2021-08-20T16:31:34","date_gmt":"2021-08-20T14:31:34","guid":{"rendered":"https:\/\/countryworldadventures.com\/country-world-abenteuerpark\/"},"modified":"2024-08-18T19:29:29","modified_gmt":"2024-08-18T17:29:29","slug":"country-world-abenteuerpark","status":"publish","type":"page","link":"https:\/\/countryworldadventures.com\/de\/","title":{"rendered":"Country World Abenteuerpark"},"content":{"rendered":"<p>Bereit f\u00fcr Abenteuer?<\/p>\n<h1>Abenteuer Tagestouren &amp; Landausfl\u00fcge<\/h1>\n<h2>Alles im Country World Adventure Park<\/h2>\n<h2>In Puerto Plata in der N\u00e4he von von Amber Cove, Taino Bay, Cabarete, Sosua, Cofresi, Playa Dorada und den Damajagua-Wasserf\u00e4llen.<\/h2>\n<ul>\n<li>\n\t\t\t\t\t\t\t\t\t\tZipline\n\t\t\t\t\t\t\t\t\t<\/li>\n<li>\n\t\t\t\t\t\t\t\t\t\tQuad\n\t\t\t\t\t\t\t\t\t<\/li>\n<li>\n\t\t\t\t\t\t\t\t\t\tReiten\n\t\t\t\t\t\t\t\t\t<\/li>\n<li>\n\t\t\t\t\t\t\t\t\t\tLandausflug\n\t\t\t\t\t\t\t\t\t<\/li>\n<li>\n\t\t\t\t\t\t\t\t\t\tHotel\n\t\t\t\t\t\t\t\t\t<\/li>\n<\/ul>\n<h4><a href=\"https:\/\/countryworldadventures.com\/de\/vip-tageskarte\/\" target=\"_blank\" rel=\"noopener\">Tageskarte<\/a><\/h4>\n<ul>\n<li>\n\t\t\t\t\t\t\t\t\t\t\t<a href=\"https:\/\/countryworldadventures.com\/de\/vip-tageskarte\/\" target=\"_blank\" rel=\"noopener\"><br \/>\n\t\t\t\t\t\t\t\t\t\tMehr<br \/>\n\t\t\t\t\t\t\t\t\t\t\t<\/a>\n\t\t\t\t\t\t\t\t\t<\/li>\n<\/ul>\n<ul>\n<li>\n\t\t\t\t\t\t\t\t\t\t\t<a href=\"https:\/\/book.peek.com\/s\/c4861272-9a45-4495-8632-dd643b6f2258\/k47qO\"><br \/>\n\t\t\t\t\t\t\t\t\t\tBuchen<br \/>\n\t\t\t\t\t\t\t\t\t\t\t<\/a>\n\t\t\t\t\t\t\t\t\t<\/li>\n<\/ul>\n<ul>\n<li>\n\t\t\t\t\t\t\t\t\t\tTageskarte\n\t\t\t\t\t\t\t\t\t<\/li>\n<li>\n\t\t\t\t\t\t\t\t\t\tWasserf\u00e4lle\n\t\t\t\t\t\t\t\t\t<\/li>\n<li>\n\t\t\t\t\t\t\t\t\t\tNur Hotel\n\t\t\t\t\t\t\t\t\t<\/li>\n<\/ul>\n<h4><a href=\"https:\/\/countryworldadventures.com\/de\/xdream\/\" target=\"_blank\" rel=\"noopener\">XDREAM<\/a><\/h4>\n<ul>\n<li>\n\t\t\t\t\t\t\t\t\t\t\t<a href=\"https:\/\/countryworldadventures.com\/de\/xdream\/\" target=\"_blank\" rel=\"noopener\"><br \/>\n\t\t\t\t\t\t\t\t\t\tMehr<br \/>\n\t\t\t\t\t\t\t\t\t\t\t<\/a>\n\t\t\t\t\t\t\t\t\t<\/li>\n<\/ul>\n<ul>\n<li>\n\t\t\t\t\t\t\t\t\t\t\t<a href=\"https:\/\/book.peek.com\/s\/c4861272-9a45-4495-8632-dd643b6f2258\/EqAXo\"><br \/>\n\t\t\t\t\t\t\t\t\t\tBuchen<br \/>\n\t\t\t\t\t\t\t\t\t\t\t<\/a>\n\t\t\t\t\t\t\t\t\t<\/li>\n<\/ul>\n<ul>\n<li>\n\t\t\t\t\t\t\t\t\t\tZipline\n\t\t\t\t\t\t\t\t\t<\/li>\n<li>\n\t\t\t\t\t\t\t\t\t\tQuad\n\t\t\t\t\t\t\t\t\t<\/li>\n<li>\n\t\t\t\t\t\t\t\t\t\tLandausflug\n\t\t\t\t\t\t\t\t\t<\/li>\n<li>\n\t\t\t\t\t\t\t\t\t\tHotel\n\t\t\t\t\t\t\t\t\t<\/li>\n<\/ul>\n<h4><a href=\"https:\/\/countryworldadventures.com\/de\/atv-n-zip\/\" target=\"_blank\" rel=\"noopener\">ATV N Zip<\/a><\/h4>\n<ul>\n<li>\n\t\t\t\t\t\t\t\t\t\t\t<a href=\"https:\/\/countryworldadventures.com\/de\/atv-n-zip\/\" target=\"_blank\" rel=\"noopener\"><br \/>\n\t\t\t\t\t\t\t\t\t\tMehr<br \/>\n\t\t\t\t\t\t\t\t\t\t\t<\/a>\n\t\t\t\t\t\t\t\t\t<\/li>\n<\/ul>\n<ul>\n<li>\n\t\t\t\t\t\t\t\t\t\t\t<a href=\"https:\/\/book.peek.com\/s\/c4861272-9a45-4495-8632-dd643b6f2258\/dd7Oz\"><br \/>\n\t\t\t\t\t\t\t\t\t\tBuchen<br \/>\n\t\t\t\t\t\t\t\t\t\t\t<\/a>\n\t\t\t\t\t\t\t\t\t<\/li>\n<\/ul>\n<ul>\n<li>\n\t\t\t\t\t\t\t\t\t\tZipline\n\t\t\t\t\t\t\t\t\t<\/li>\n<li>\n\t\t\t\t\t\t\t\t\t\tWasserf\u00e4lle\n\t\t\t\t\t\t\t\t\t<\/li>\n<li>\n\t\t\t\t\t\t\t\t\t<\/li>\n<li>\n\t\t\t\t\t\t\t\t\t\tNur Hotel\n\t\t\t\t\t\t\t\t\t<\/li>\n<\/ul>\n<h4><a href=\"https:\/\/countryworldadventures.com\/de\/zip-n-splash\/\" target=\"_blank\" rel=\"noopener\">Zip N Splash<\/a><\/h4>\n<ul>\n<li>\n\t\t\t\t\t\t\t\t\t\t\t<a href=\"https:\/\/countryworldadventures.com\/de\/zip-n-splash\/\" target=\"_blank\" rel=\"noopener\"><br \/>\n\t\t\t\t\t\t\t\t\t\tMehr<br \/>\n\t\t\t\t\t\t\t\t\t\t\t<\/a>\n\t\t\t\t\t\t\t\t\t<\/li>\n<\/ul>\n<ul>\n<li>\n\t\t\t\t\t\t\t\t\t\tBuchen\n\t\t\t\t\t\t\t\t\t<\/li>\n<\/ul>\n<ul>\n<li>\n\t\t\t\t\t\t\t\t\t\tQuad\n\t\t\t\t\t\t\t\t\t<\/li>\n<li>\n\t\t\t\t\t\t\t\t\t\tReiten\n\t\t\t\t\t\t\t\t\t<\/li>\n<li>\n\t\t\t\t\t\t\t\t\t\tLandausflug\n\t\t\t\t\t\t\t\t\t<\/li>\n<li>\n\t\t\t\t\t\t\t\t\t\tHotel\n\t\t\t\t\t\t\t\t\t<\/li>\n<\/ul>\n<h4><a href=\"https:\/\/countryworldadventures.com\/de\/atv-n-ride\/\" target=\"_blank\" rel=\"noopener\">ATV N Ride<\/a><\/h4>\n<ul>\n<li>\n\t\t\t\t\t\t\t\t\t\t\t<a href=\"https:\/\/countryworldadventures.com\/de\/atv-n-ride\/\" target=\"_blank\" rel=\"noopener\"><br \/>\n\t\t\t\t\t\t\t\t\t\tMehr<br \/>\n\t\t\t\t\t\t\t\t\t\t\t<\/a>\n\t\t\t\t\t\t\t\t\t<\/li>\n<\/ul>\n<ul>\n<li>\n\t\t\t\t\t\t\t\t\t\tBuchen\n\t\t\t\t\t\t\t\t\t<\/li>\n<\/ul>\n<ul>\n<li>\n\t\t\t\t\t\t\t\t\t\tZipline\n\t\t\t\t\t\t\t\t\t<\/li>\n<li>\n\t\t\t\t\t\t\t\t\t\tReiten\n\t\t\t\t\t\t\t\t\t<\/li>\n<li>\n\t\t\t\t\t\t\t\t\t\tLandausflug\n\t\t\t\t\t\t\t\t\t<\/li>\n<li>\n\t\t\t\t\t\t\t\t\t\tHotel\n\t\t\t\t\t\t\t\t\t<\/li>\n<\/ul>\n<h4><a href=\"https:\/\/countryworldadventures.com\/de\/ride-n-zip\/\" target=\"_blank\" rel=\"noopener\">Ride N Zip<\/a><\/h4>\n<ul>\n<li>\n\t\t\t\t\t\t\t\t\t\t\t<a href=\"https:\/\/countryworldadventures.com\/de\/ride-n-zip\/\" target=\"_blank\" rel=\"noopener\"><br \/>\n\t\t\t\t\t\t\t\t\t\tMehr<br \/>\n\t\t\t\t\t\t\t\t\t\t\t<\/a>\n\t\t\t\t\t\t\t\t\t<\/li>\n<\/ul>\n<ul>\n<li>\n\t\t\t\t\t\t\t\t\t\t\t<a href=\"https:\/\/book.peek.com\/s\/c4861272-9a45-4495-8632-dd643b6f2258\/myXoz\"><br \/>\n\t\t\t\t\t\t\t\t\t\tBuchen<br \/>\n\t\t\t\t\t\t\t\t\t\t\t<\/a>\n\t\t\t\t\t\t\t\t\t<\/li>\n<\/ul>\n<p>\t\t\t<a href=\"https:\/\/countryworldadventures.com\/de\/abenteuer\/\"><br \/>\n\t\t\t\t\t\talle Abenteuer sehen<br \/>\n\t\t\t\t\t<\/a><\/p>\n<h3><b>Dinge, die man von der Bernsteinbucht und der Taino-Bucht aus unternehmen kann<\/b><\/h3>\n<h2>Landausfl\u00fcge<\/h2>\n<p>Die meisten unserer Aktivit\u00e4ten k\u00f6nnen als <strong>Landausflug<\/strong> gebucht werden. Der Country World Adventure Park ist nur 10 Autominuten vom <strong>Kreuzfahrthafen Amber Cove<\/strong> und 25 Minuten vom <strong>Kreuzfahrthafen Taino Bay<\/strong> entfernt.<\/p>\n<p>Wir bieten Ihnen die besten <strong>Exkursionen<\/strong> und <strong>Aktivit\u00e4ten<\/strong> in <strong>Puerto Plata<\/strong> an, mit hohem individuellem Service und unschlagbaren Preisen.<\/p>\n<p>\t\t\t<a href=\"https:\/\/countryworldadventures.com\/de\/landausflug\/\"><br \/>\n\t\t\t\t\t\tIch bin bereit f\u00fcr Abenteuer<br \/>\n\t\t\t\t\t<\/a><\/p>\n<h4>Ehemaliger Abenteurer<\/h4>\n<p>Alles war fantastisch (Wasserfall-Bergwanderung, Reiten, Zip-Lining, ATV)!!! Wir hatten einen kleinen Betriebsausflug aus New Jersey, und es hat uns allen gefallen! Der Besitzer (Daniel) hat uns sehr willkommen gehei\u00dfen, das Personal war sehr zuvorkommend, und wir hatten einen sehr hilfsbereiten Gastgeber namens Jimmy! Er ist auf alle unsere Bed\u00fcrfnisse eingegangen und hat sich immer vergewissert, dass er nichts weiter f\u00fcr uns tun kann. Vielen Dank f\u00fcr den wunderbaren Tag und daf\u00fcr, dass wir uns wieder wie Kinder f\u00fchlen konnten! Ich kann nur empfehlen, hier eine Veranstaltung zu organisieren, wenn Sie eine tolle Zeit verbringen m\u00f6chten!<\/p>\n<p>\t\t\t\t\t\t\t\t<cite>Die Familie BritoGoogle-Bewertung<\/cite><br \/>\n\t\t\t\t\t\t\t\t\t\t\t\t\t\t\t<img fetchpriority=\"high\" decoding=\"async\" width=\"768\" height=\"432\" src=\"https:\/\/countryworldadventures.com\/wp-content\/uploads\/2021\/08\/Website-Inhalte-CW-6-768x432.png\" alt=\"Excursions Puerto Plata\" srcset=\"https:\/\/countryworldadventures.com\/wp-content\/uploads\/2021\/08\/Website-Inhalte-CW-6-768x432.png 768w, https:\/\/countryworldadventures.com\/wp-content\/uploads\/2021\/08\/Website-Inhalte-CW-6-300x169.png 300w, https:\/\/countryworldadventures.com\/wp-content\/uploads\/2021\/08\/Website-Inhalte-CW-6.png 960w\" sizes=\"(max-width: 768px) 100vw, 768px\" \/>\t\t\t\t\t\t\t\t\t\t\t\t\t\t\t<\/p>\n<p>Der <strong>Country World Adventure Park<\/strong> ist die richtige Anlaufstelle, wenn Sie auf der Suche nach einem unterhaltsamen <strong>Erlebnis, einer Abenteuertour, einem Tagesausflug<\/strong> oder einer Outdoor-Aktivit\u00e4t in Puerto Plata, Dominikanische Republik, sind.<\/p>\n<p>Sie m\u00fcssen sich nicht mehr fragen, was Sie in <strong>Puerto Plata<\/strong> unternehmen k\u00f6nnen oder welcher <strong>Landausflug<\/strong> der richtige f\u00fcr Sie ist.<\/p>\n<p>Country World Adventures bietet Ihnen <strong>Off-Road ATV<\/strong> \/ 4-Rad \/ Quad-Touren entlang von Flussbetten und lokalen D\u00f6rfern, einen <strong>Zip Line Adventure Park<\/strong> mit 8 ACCT-zertifizierten Seilrutschen, <strong>Ausritte<\/strong> durch die \u00fcppige Landschaft, Ausfl\u00fcge zu den nahe gelegenen <strong>Damajagua-Wasserf\u00e4llen<\/strong>, einen Pool mit einer Pool-Seilrutsche, einen tropischen Garten mit Tieren und eine Bar mit Restaurant. Ein Tag mit Spa\u00df und Freude garantiert!<\/p>\n<p>Alle unsere Aktivit\u00e4ten k\u00f6nnen als <strong>Amber Cove und Taino Bay Kreuzfahrt-Ausfl\u00fcge<\/strong> oder als Tagestour von Ihrem Hotel oder Airbnb aus gebucht werden. Suchen Sie sich einfach die passende Tour aus und wir arrangieren den Hin- und R\u00fccktransport f\u00fcr Sie.<\/p>\n<p>Wir sehen uns bei unserem n\u00e4chsten Abenteuer!  <br \/>Ihr Country World Adventures Team<\/p>\n<h4>Folgen Sie uns auf Instagram<\/h4>\n<p>Vergessen Sie nicht, <strong>#countryworldadventures<\/strong>&nbsp;zu verwenden, um eine Chance zu haben, vorgestellt zu werden!<\/p>\n<p>\t\t\t\t\t<a href=\"http:\/\/instagram.com\/countryworldadventures\/\" target=\"_blank\" rel=\"noopener\"><br \/>\n\t\t\t\t\t\tInstagram<br \/>\n\t\t\t\t\t\t\t\t\t\t\t<\/a><\/p>\n","protected":false},"excerpt":{"rendered":"<p>Bereit f\u00fcr Abenteuer? Abenteuer Tagestouren &amp; Landausfl\u00fcge Alles im Country World Adventure Park In Puerto Plata in der N\u00e4he von von Amber Cove, Taino Bay, Cabarete, Sosua, Cofresi, Playa Dorada und den Damajagua-Wasserf\u00e4llen. Zipline Quad Reiten Landausflug Hotel Tageskarte Mehr Buchen Tageskarte Wasserf\u00e4lle Nur Hotel XDREAM Mehr Buchen Zipline Quad Landausflug Hotel ATV N Zip [&hellip;]<\/p>\n","protected":false},"author":1,"featured_media":0,"parent":0,"menu_order":0,"comment_status":"closed","ping_status":"closed","template":"elementor_header_footer","meta":{"om_disable_all_campaigns":false,"_monsterinsights_skip_tracking":false,"_monsterinsights_sitenote_active":false,"_monsterinsights_sitenote_note":"","_monsterinsights_sitenote_category":0,"_uf_show_specific_survey":0,"_uf_disable_surveys":false,"site-sidebar-layout":"no-sidebar","site-content-layout":"page-builder","ast-site-content-layout":"full-width-container","site-content-style":"unboxed","site-sidebar-style":"unboxed","ast-global-header-display":"","ast-banner-title-visibility":"","ast-main-header-display":"","ast-hfb-above-header-display":"","ast-hfb-below-header-display":"","ast-hfb-mobile-header-display":"","site-post-title":"disabled","ast-breadcrumbs-content":"","ast-featured-img":"disabled","footer-sml-layout":"","ast-disable-related-posts":"","theme-transparent-header-meta":"enabled","adv-header-id-meta":"","stick-header-meta":"","header-above-stick-meta":"","header-main-stick-meta":"","header-below-stick-meta":"","astra-migrate-meta-layouts":"default","ast-page-background-enabled":"default","ast-page-background-meta":{"desktop":{"background-color":"var(--ast-global-color-4)","background-image":"","background-repeat":"repeat","background-position":"center center","background-size":"auto","background-attachment":"scroll","background-type":"","background-media":"","overlay-type":"","overlay-color":"","overlay-opacity":"","overlay-gradient":""},"tablet":{"background-color":"","background-image":"","background-repeat":"repeat","background-position":"center center","background-size":"auto","background-attachment":"scroll","background-type":"","background-media":"","overlay-type":"","overlay-color":"","overlay-opacity":"","overlay-gradient":""},"mobile":{"background-color":"","background-image":"","background-repeat":"repeat","background-position":"center center","background-size":"auto","background-attachment":"scroll","background-type":"","background-media":"","overlay-type":"","overlay-color":"","overlay-opacity":"","overlay-gradient":""}},"ast-content-background-meta":{"desktop":{"background-color":"var(--ast-global-color-5)","background-image":"","background-repeat":"repeat","background-position":"center center","background-size":"auto","background-attachment":"scroll","background-type":"","background-media":"","overlay-type":"","overlay-color":"","overlay-opacity":"","overlay-gradient":""},"tablet":{"background-color":"var(--ast-global-color-5)","background-image":"","background-repeat":"repeat","background-position":"center center","background-size":"auto","background-attachment":"scroll","background-type":"","background-media":"","overlay-type":"","overlay-color":"","overlay-opacity":"","overlay-gradient":""},"mobile":{"background-color":"var(--ast-global-color-5)","background-image":"","background-repeat":"repeat","background-position":"center center","background-size":"auto","background-attachment":"scroll","background-type":"","background-media":"","overlay-type":"","overlay-color":"","overlay-opacity":"","overlay-gradient":""}},"footnotes":""},"class_list":["post-926","page","type-page","status-publish","hentry"],"aioseo_notices":[],"_links":{"self":[{"href":"https:\/\/countryworldadventures.com\/de\/wp-json\/wp\/v2\/pages\/926","targetHints":{"allow":["GET"]}}],"collection":[{"href":"https:\/\/countryworldadventures.com\/de\/wp-json\/wp\/v2\/pages"}],"about":[{"href":"https:\/\/countryworldadventures.com\/de\/wp-json\/wp\/v2\/types\/page"}],"author":[{"embeddable":true,"href":"https:\/\/countryworldadventures.com\/de\/wp-json\/wp\/v2\/users\/1"}],"replies":[{"embeddable":true,"href":"https:\/\/countryworldadventures.com\/de\/wp-json\/wp\/v2\/comments?post=926"}],"version-history":[{"count":37,"href":"https:\/\/countryworldadventures.com\/de\/wp-json\/wp\/v2\/pages\/926\/revisions"}],"predecessor-version":[{"id":2256,"href":"https:\/\/countryworldadventures.com\/de\/wp-json\/wp\/v2\/pages\/926\/revisions\/2256"}],"wp:attachment":[{"href":"https:\/\/countryworldadventures.com\/de\/wp-json\/wp\/v2\/media?parent=926"}],"curies":[{"name":"wp","href":"https:\/\/api.w.org\/{rel}","templated":true}]}}