{"id":817,"date":"2021-08-20T16:31:32","date_gmt":"2021-08-20T14:31:32","guid":{"rendered":"https:\/\/countryworldadventures.com\/covid-19\/"},"modified":"2022-12-05T21:23:00","modified_gmt":"2022-12-05T20:23:00","slug":"covid-19","status":"publish","type":"page","link":"https:\/\/countryworldadventures.com\/de\/covid-19\/","title":{"rendered":"Covid 19"},"content":{"rendered":"\t\t<div data-elementor-type=\"wp-page\" data-elementor-id=\"817\" class=\"elementor elementor-817 elementor-138\" data-elementor-post-type=\"page\">\n\t\t\t\t\t\t<section class=\"elementor-section elementor-top-section elementor-element elementor-element-5d018dbd elementor-section-boxed elementor-section-height-default elementor-section-height-default\" data-id=\"5d018dbd\" data-element_type=\"section\" data-e-type=\"section\">\n\t\t\t\t\t\t<div class=\"elementor-container elementor-column-gap-default\">\n\t\t\t\t\t<div class=\"elementor-column elementor-col-100 elementor-top-column elementor-element elementor-element-77352c8a\" data-id=\"77352c8a\" data-element_type=\"column\" data-e-type=\"column\">\n\t\t\t<div class=\"elementor-widget-wrap elementor-element-populated\">\n\t\t\t\t\t\t<div class=\"elementor-element elementor-element-6b24936b elementor-widget elementor-widget-heading\" data-id=\"6b24936b\" data-element_type=\"widget\" data-e-type=\"widget\" data-widget_type=\"heading.default\">\n\t\t\t\t<div class=\"elementor-widget-container\">\n\t\t\t\t\t<h1 class=\"elementor-heading-title elementor-size-default\">COVID-19 Sicherheitsma\u00dfnahmen<\/h1>\t\t\t\t<\/div>\n\t\t\t\t<\/div>\n\t\t\t\t<div class=\"elementor-element elementor-element-43cfcdaf elementor-widget elementor-widget-text-editor\" data-id=\"43cfcdaf\" data-element_type=\"widget\" data-e-type=\"widget\" data-widget_type=\"text-editor.default\">\n\t\t\t\t<div class=\"elementor-widget-container\">\n\t\t\t\t\t\t\t\t\t<p>Das Wohlergehen unserer Kunden war schon immer unsere Priorit\u00e4t; deshalb haben wir alle notwendigen Schritte unternommen, um den Country World Adventure Park zu einer covidfreien Zone zu machen! Alle unsere Abenteuer sind voll funktionsf\u00e4hig und respektieren die folgenden Sicherheitsma\u00dfnahmen unten:<strong style=\"font-size: 16px;\">&nbsp;<\/strong><\/p>\n<p><strong style=\"font-size: 16px;\">TRANSPORT:<\/strong><\/p>\n<ul>\n<li><span style=\"font-weight: 400;\">  Temperaturkontrolle vor dem Einsteigen in das Fahrzeug (bei einer Temperatur von \u00fcber 38\u00b0C \/ 100 \u00b0F darf das Fahrzeug nicht betreten werden)<\/span><\/li>\n<li><span style=\"font-weight: 400;\">  Gesichtsmasken sind w\u00e4hrend des gesamten Transports erforderlich<\/span><\/li>\n<li><span style=\"font-weight: 400;\">  Handdesinfektionsmittel w\u00e4hrend des Transports verf\u00fcgbar<\/span><\/li>\n<li><span style=\"font-weight: 400;\">  Die Fahrzeuge werden nach jeder \u00dcbergabe desinfiziert<\/span><\/li>\n<li> <span style=\"font-weight: 400;\"> Wir behalten uns das Recht vor, die Bef\u00f6rderung von Teilnehmern mit den folgenden Symptomen (Fieber, trockener Husten,<\/span> <span style=\"font-weight: 400;\">Atembeschwerden)<\/span><\/li>\n<\/ul>\n<p><strong>IM PARK:<\/strong><\/p>\n<ul>\n<li><span style=\"font-weight: 400;\"> Aktivit\u00e4ten wie Ziplines, Reiten, Quads, Tropical Garden, werden nur in kleinen Gruppen durchgef\u00fchrt.&nbsp;<\/span><\/li>\n<li><span style=\"font-weight: 400;\">  Sozialer Abstand von mindestens 2m \/ 6ft zu jeder Zeit<\/span><\/li>\n<li><span style=\"font-weight: 400;\">  Gesichtsmasken f\u00fcr G\u00e4ste in \u00f6ffentlichen Bereichen erforderlich<\/span><\/li>\n<li><span style=\"font-weight: 400;\">  Alle Ausr\u00fcstungen werden nach Gebrauch desinfiziert<\/span><\/li>\n<li><span style=\"font-weight: 400;\">  Die B\u00e4der sind mit Fl\u00fcssigseife und Desinfektionsmittel ausgestattet.<\/span><\/li>\n<li><span style=\"font-weight: 400;\">  Die Badezimmer werden regelm\u00e4\u00dfig desinfiziert<br><\/span><\/li>\n<li><span style=\"font-weight: 400;\">  Pool kann benutzt werden, unter Beachtung der sozialen Distanz von mindestens 2m \/ 6ft<\/span><\/li>\n<li><span style=\"font-weight: 400;\">  Das Mittagessen wird pro Teller serviert. Kein Buffet verf\u00fcgbar.&nbsp;<\/span><\/li>\n<\/ul>\n<p><strong>UNSERE GUIDES<\/strong><\/p>\n<ul>\n<li>Alle unsere Mitarbeiter wurden geimpft. <br><\/li><li>Regelm\u00e4\u00dfige Temperaturkontrollen jeden Tag vor dem Betreten der Einrichtung<br><\/li>\n\n<li><span style=\"font-weight: 400;\"> Gesichtsmasken f\u00fcr Guides in \u00f6ffentlichen Bereichen erforderlich<\/span><\/li>\n<li><span style=\"font-weight: 400;\"> Guides waschen und desinfizieren sich regelm\u00e4\u00dfig die H\u00e4nde<\/span><\/li>\n<li><span style=\"font-weight: 400;\"> Bezahlte Krankheitstage f\u00fcr Mitarbeiter mit Symptomen<\/span><\/li>\n<\/ul>\n<p><strong>Wir entschuldigen uns f\u00fcr die entstandenen Unannehmlichkeiten. Wir hoffen auf Ihr Verst\u00e4ndnis!<\/strong><\/p>\n<p><\/p>\t\t\t\t\t\t\t\t<\/div>\n\t\t\t\t<\/div>\n\t\t\t\t\t<\/div>\n\t\t<\/div>\n\t\t\t\t\t<\/div>\n\t\t<\/section>\n\t\t\t\t<section class=\"elementor-section elementor-top-section elementor-element elementor-element-339e990a elementor-section-boxed elementor-section-height-default elementor-section-height-default\" data-id=\"339e990a\" data-element_type=\"section\" data-e-type=\"section\" data-settings=\"{&quot;background_background&quot;:&quot;classic&quot;,&quot;shape_divider_top&quot;:&quot;pyramids&quot;}\">\n\t\t\t\t\t<div class=\"elementor-shape elementor-shape-top\" aria-hidden=\"true\" data-negative=\"false\">\n\t\t\t<svg xmlns=\"http:\/\/www.w3.org\/2000\/svg\" viewBox=\"0 0 1000 100\" preserveAspectRatio=\"none\">\n\t<path class=\"elementor-shape-fill\" d=\"M761.9,44.1L643.1,27.2L333.8,98L0,3.8V0l1000,0v3.9\"\/>\n<\/svg>\t\t<\/div>\n\t\t\t\t\t<div class=\"elementor-container elementor-column-gap-default\">\n\t\t\t\t\t<div class=\"elementor-column elementor-col-50 elementor-top-column elementor-element elementor-element-27277620\" data-id=\"27277620\" data-element_type=\"column\" data-e-type=\"column\">\n\t\t\t<div class=\"elementor-widget-wrap elementor-element-populated\">\n\t\t\t\t\t\t<div class=\"elementor-element elementor-element-25280d elementor-widget elementor-widget-heading\" data-id=\"25280d\" data-element_type=\"widget\" data-e-type=\"widget\" data-widget_type=\"heading.default\">\n\t\t\t\t<div class=\"elementor-widget-container\">\n\t\t\t\t\t<h2 class=\"elementor-heading-title elementor-size-default\">Bereit f\u00fcr ein Abenteuer?!<\/h2>\t\t\t\t<\/div>\n\t\t\t\t<\/div>\n\t\t\t\t\t<\/div>\n\t\t<\/div>\n\t\t\t\t<div class=\"elementor-column elementor-col-50 elementor-top-column elementor-element elementor-element-1e52cfd4\" data-id=\"1e52cfd4\" data-element_type=\"column\" data-e-type=\"column\">\n\t\t\t<div class=\"elementor-widget-wrap elementor-element-populated\">\n\t\t\t\t\t\t<div class=\"elementor-element elementor-element-191fd5d7 elementor-align-justify elementor-widget elementor-widget-button\" data-id=\"191fd5d7\" data-element_type=\"widget\" data-e-type=\"widget\" data-widget_type=\"button.default\">\n\t\t\t\t<div class=\"elementor-widget-container\">\n\t\t\t\t\t\t\t\t\t<div class=\"elementor-button-wrapper\">\n\t\t\t\t\t<a class=\"elementor-button elementor-button-link elementor-size-xl elementor-animation-grow\" href=\"https:\/\/countryworldadventures.com\/de\/abenteuer\/\">\n\t\t\t\t\t\t<span class=\"elementor-button-content-wrapper\">\n\t\t\t\t\t\t\t\t\t<span class=\"elementor-button-text\">siehe Aktivit\u00e4ten<\/span>\n\t\t\t\t\t<\/span>\n\t\t\t\t\t<\/a>\n\t\t\t\t<\/div>\n\t\t\t\t\t\t\t\t<\/div>\n\t\t\t\t<\/div>\n\t\t\t\t\t<\/div>\n\t\t<\/div>\n\t\t\t\t\t<\/div>\n\t\t<\/section>\n\t\t\t\t<\/div>\n\t\t","protected":false},"excerpt":{"rendered":"<p>COVID-19 Sicherheitsma\u00dfnahmen Das Wohlergehen unserer Kunden war schon immer unsere Priorit\u00e4t; deshalb haben wir alle notwendigen Schritte unternommen, um den Country World Adventure Park zu einer covidfreien Zone zu machen! Alle unsere Abenteuer sind voll funktionsf\u00e4hig und respektieren die folgenden Sicherheitsma\u00dfnahmen unten:&nbsp; TRANSPORT: Temperaturkontrolle vor dem Einsteigen in das Fahrzeug (bei einer Temperatur von \u00fcber [&hellip;]<\/p>\n","protected":false},"author":1,"featured_media":0,"parent":0,"menu_order":0,"comment_status":"closed","ping_status":"closed","template":"","meta":{"om_disable_all_campaigns":false,"_monsterinsights_skip_tracking":false,"_monsterinsights_sitenote_active":false,"_monsterinsights_sitenote_note":"","_monsterinsights_sitenote_category":0,"_uf_show_specific_survey":0,"_uf_disable_surveys":false,"site-sidebar-layout":"no-sidebar","site-content-layout":"page-builder","ast-site-content-layout":"default","site-content-style":"default","site-sidebar-style":"default","ast-global-header-display":"","ast-banner-title-visibility":"","ast-main-header-display":"","ast-hfb-above-header-display":"","ast-hfb-below-header-display":"","ast-hfb-mobile-header-display":"","site-post-title":"disabled","ast-breadcrumbs-content":"","ast-featured-img":"disabled","footer-sml-layout":"","ast-disable-related-posts":"","theme-transparent-header-meta":"default","adv-header-id-meta":"","stick-header-meta":"","header-above-stick-meta":"","header-main-stick-meta":"","header-below-stick-meta":"","astra-migrate-meta-layouts":"default","ast-page-background-enabled":"default","ast-page-background-meta":{"desktop":{"background-color":"var(--ast-global-color-4)","background-image":"","background-repeat":"repeat","background-position":"center center","background-size":"auto","background-attachment":"scroll","background-type":"","background-media":"","overlay-type":"","overlay-color":"","overlay-opacity":"","overlay-gradient":""},"tablet":{"background-color":"","background-image":"","background-repeat":"repeat","background-position":"center center","background-size":"auto","background-attachment":"scroll","background-type":"","background-media":"","overlay-type":"","overlay-color":"","overlay-opacity":"","overlay-gradient":""},"mobile":{"background-color":"","background-image":"","background-repeat":"repeat","background-position":"center center","background-size":"auto","background-attachment":"scroll","background-type":"","background-media":"","overlay-type":"","overlay-color":"","overlay-opacity":"","overlay-gradient":""}},"ast-content-background-meta":{"desktop":{"background-color":"var(--ast-global-color-5)","background-image":"","background-repeat":"repeat","background-position":"center center","background-size":"auto","background-attachment":"scroll","background-type":"","background-media":"","overlay-type":"","overlay-color":"","overlay-opacity":"","overlay-gradient":""},"tablet":{"background-color":"var(--ast-global-color-5)","background-image":"","background-repeat":"repeat","background-position":"center center","background-size":"auto","background-attachment":"scroll","background-type":"","background-media":"","overlay-type":"","overlay-color":"","overlay-opacity":"","overlay-gradient":""},"mobile":{"background-color":"var(--ast-global-color-5)","background-image":"","background-repeat":"repeat","background-position":"center center","background-size":"auto","background-attachment":"scroll","background-type":"","background-media":"","overlay-type":"","overlay-color":"","overlay-opacity":"","overlay-gradient":""}},"footnotes":""},"class_list":["post-817","page","type-page","status-publish","hentry"],"aioseo_notices":[],"_links":{"self":[{"href":"https:\/\/countryworldadventures.com\/de\/wp-json\/wp\/v2\/pages\/817","targetHints":{"allow":["GET"]}}],"collection":[{"href":"https:\/\/countryworldadventures.com\/de\/wp-json\/wp\/v2\/pages"}],"about":[{"href":"https:\/\/countryworldadventures.com\/de\/wp-json\/wp\/v2\/types\/page"}],"author":[{"embeddable":true,"href":"https:\/\/countryworldadventures.com\/de\/wp-json\/wp\/v2\/users\/1"}],"replies":[{"embeddable":true,"href":"https:\/\/countryworldadventures.com\/de\/wp-json\/wp\/v2\/comments?post=817"}],"version-history":[{"count":5,"href":"https:\/\/countryworldadventures.com\/de\/wp-json\/wp\/v2\/pages\/817\/revisions"}],"predecessor-version":[{"id":1318,"href":"https:\/\/countryworldadventures.com\/de\/wp-json\/wp\/v2\/pages\/817\/revisions\/1318"}],"wp:attachment":[{"href":"https:\/\/countryworldadventures.com\/de\/wp-json\/wp\/v2\/media?parent=817"}],"curies":[{"name":"wp","href":"https:\/\/api.w.org\/{rel}","templated":true}]}}