{"id":770,"date":"2021-08-20T16:31:31","date_gmt":"2021-08-20T14:31:31","guid":{"rendered":"https:\/\/countryworldadventures.com\/nutzungsbedingungen\/"},"modified":"2022-12-05T21:25:28","modified_gmt":"2022-12-05T20:25:28","slug":"nutzungsbedingungen","status":"publish","type":"page","link":"https:\/\/countryworldadventures.com\/de\/nutzungsbedingungen\/","title":{"rendered":"Nutzungsbedingungen"},"content":{"rendered":"\t\t<div data-elementor-type=\"wp-page\" data-elementor-id=\"770\" class=\"elementor elementor-770 elementor-126\" data-elementor-post-type=\"page\">\n\t\t\t\t\t\t<section class=\"elementor-section elementor-top-section elementor-element elementor-element-782ec8e4 elementor-section-boxed elementor-section-height-default elementor-section-height-default\" data-id=\"782ec8e4\" data-element_type=\"section\" data-e-type=\"section\">\n\t\t\t\t\t\t<div class=\"elementor-container elementor-column-gap-default\">\n\t\t\t\t\t<div class=\"elementor-column elementor-col-100 elementor-top-column elementor-element elementor-element-7a80d7ea\" data-id=\"7a80d7ea\" data-element_type=\"column\" data-e-type=\"column\">\n\t\t\t<div class=\"elementor-widget-wrap elementor-element-populated\">\n\t\t\t\t\t\t<div class=\"elementor-element elementor-element-5b07b55d elementor-widget elementor-widget-heading\" data-id=\"5b07b55d\" data-element_type=\"widget\" data-e-type=\"widget\" data-widget_type=\"heading.default\">\n\t\t\t\t<div class=\"elementor-widget-container\">\n\t\t\t\t\t<h1 class=\"elementor-heading-title elementor-size-default\">Nutzungsbedingungen<\/h1>\t\t\t\t<\/div>\n\t\t\t\t<\/div>\n\t\t\t\t<div class=\"elementor-element elementor-element-167aee8c elementor-widget elementor-widget-text-editor\" data-id=\"167aee8c\" data-element_type=\"widget\" data-e-type=\"widget\" data-widget_type=\"text-editor.default\">\n\t\t\t\t<div class=\"elementor-widget-container\">\n\t\t\t\t\t\t\t\t\t<h3 class=\"font_3\"><span class=\"color_11\">1. Begriffe<\/span><\/h3>\n<p class=\"font_8\"><span class=\"color_11\">Durch den Zugriff auf diese <\/span><span class=\"color_11\">Website<\/span><span class=\"color_11\">erkl\u00e4ren Sie sich mit diesen Nutzungsbedingungen und allen geltenden Gesetzen und Vorschriften einverstanden und stimmen zu, dass Sie f\u00fcr die Einhaltung aller geltenden lokalen Gesetze verantwortlich sind. Wenn Sie mit einer dieser Bedingungen nicht einverstanden sind, ist Ihnen die Nutzung oder der Zugriff auf diese Website untersagt. Die enthaltenen Materialien <\/span><span class=\"color_11\">auf dieser Website<\/span><span class=\"color_11\"> sind durch geltendes Urheberrecht und <\/span><span class=\"color_11\">Markenrecht<\/span> <span class=\"color_11\">gesch\u00fctzt.<\/span><\/p>\n<p class=\"font_8\">\n<h3 class=\"font_3\"><span class=\"color_11\">2. Lizenz verwenden<\/span><\/h3>\n<ol class=\"font_8 color_11\">\n<li>\n<p class=\"font_8\"><span class=\"color_11\">Es wird die Erlaubnis erteilt, eine Kopie des Materials (Informationen oder Software) auf der Country World Adventures-Website nur f\u00fcr den pers\u00f6nlichen, nicht-kommerziellen Gebrauch herunterzuladen. Es handelt sich um die Erteilung einer Lizenz, nicht um eine \u00dcbertragung des Eigentumsrechts, und nach dieser  <\/span><span class=\"color_11\">Lizenz<\/span><span class=\"color_11\"> d\u00fcrfen Sie nicht:<\/span><\/p>\n<ol class=\"font_8 color_11\">\n<li>\n<p class=\"font_8\"><span class=\"color_11\">die Materialien ver\u00e4ndern oder kopieren;<\/span><\/p>\n<\/li>\n<li>\n<p class=\"font_8\"><span class=\"color_11\">das Material f\u00fcr kommerzielle Zwecke oder f\u00fcr eine \u00f6ffentliche Darstellung (kommerziell oder nicht kommerziell) verwenden;<\/span><\/p>\n<\/li>\n<li>\n<p class=\"font_8\"><span class=\"color_11\">versuchen, die auf der Website des Country World Adventure Park enthaltene Software zu dekompilieren oder zur\u00fcckzuentwickeln;<\/span><\/p>\n<\/li>\n<li>\n<p class=\"font_8\"><span class=\"color_11\">Urheberrechts- oder andere Eigentumsvermerke aus den Materialien zu entfernen; oder<\/span><\/p>\n<\/li>\n<li>\n<p class=\"font_8\"><span class=\"color_11\">das Material an eine andere Person weiterzugeben oder auf einem anderen Server zu &#8222;spiegeln&#8220;.<\/span><\/p>\n<\/li>\n<\/ol>\n<\/li>\n<li>\n<p class=\"font_8\"><span class=\"color_11\">Diese Lizenz erlischt automatisch, wenn Sie eine dieser Einschr\u00e4nkungen verletzen, und kann von Country World Adventures jederzeit gek\u00fcndigt werden. Nach Beendigung der Betrachtung dieser Materialien oder nach Beendigung dieser Lizenz m\u00fcssen Sie alle heruntergeladenen Materialien, die sich in Ihrem Besitz befinden, egal ob in elektronischer oder gedruckter Form, vernichten.<\/span> <\/p>\n<\/li>\n<\/ol>\n<h3 class=\"font_3\"><span class=\"color_11\">3. Haftungsausschluss<\/span><\/h3>\n<ol class=\"font_8 color_11\">\n<li>\n<p class=\"font_8\"><span class=\"color_11\">Die Materialien auf der Website von Country World Adventures werden ohne M\u00e4ngelgew\u00e4hr bereitgestellt. Country World Adventures \u00fcbernimmt keine Garantien, weder ausdr\u00fccklich noch stillschweigend, und lehnt hiermit alle anderen Garantien ab, einschlie\u00dflich, aber nicht beschr\u00e4nkt auf, stillschweigende Garantien oder Bedingungen der Marktg\u00e4ngigkeit, der Eignung f\u00fcr einen bestimmten Zweck oder der Nicht-Verletzung von geistigem Eigentum oder anderen Rechtsverletzungen. Dar\u00fcber hinaus \u00fcbernimmt Country World Adventures keine Gew\u00e4hr f\u00fcr die Richtigkeit, die wahrscheinlichen Ergebnisse oder die Zuverl\u00e4ssigkeit der Nutzung des Materials auf seiner Website oder auf andere Weise in Bezug auf solche Materialien oder auf Websites, die mit dieser Website verlinkt sind, und gibt auch keine Zusicherungen ab.<\/span> <\/p>\n<\/li>\n<\/ol>\n<h3 class=\"font_3\"><span class=\"color_11\">4. Beschr\u00e4nkungen<\/span><\/h3>\n<p class=\"font_8\"><span class=\"color_11\">In keinem Fall haften Country World Adventures oder seine Zulieferer f\u00fcr Sch\u00e4den (einschlie\u00dflich, aber nicht beschr\u00e4nkt auf Sch\u00e4den durch Daten- oder Gewinnverluste oder durch Gesch\u00e4ftsunterbrechungen), die aus der Nutzung oder der Unm\u00f6glichkeit der Nutzung des Materials auf der Internetseite von Country World Adventure Park entstehen, selbst wenn Country World Adventures oder ein von Country World Adventures autorisierter Vertreter m\u00fcndlich oder schriftlich \u00fcber die M\u00f6glichkeit solcher Sch\u00e4den informiert worden ist. Da einige Gerichtsbarkeiten keine Beschr\u00e4nkungen von stillschweigenden Garantien oder Haftungsbeschr\u00e4nkungen f\u00fcr Folgesch\u00e4den oder zuf\u00e4llige Sch\u00e4den zulassen, gelten diese Beschr\u00e4nkungen m\u00f6glicherweise nicht f\u00fcr Sie.<\/span> <\/p>\n<h3 class=\"font_3\"><span class=\"color_11\">5. \u00dcberarbeitungen und Errata<\/span><\/h3>\n<p class=\"font_8\"><span class=\"color_11\">Das Material auf der Country World Adventures-Website kann technische, typografische oder fotografische Fehler enthalten. Country World Adventures \u00fcbernimmt keine Gew\u00e4hr f\u00fcr die Richtigkeit, Vollst\u00e4ndigkeit und Aktualit\u00e4t der auf seiner Website enthaltenen Informationen. Country World Adventures beh\u00e4lt sich das Recht vor, jederzeit und ohne Vorank\u00fcndigung \u00c4nderungen an den auf der Website enthaltenen Materialien vorzunehmen. Country World Adventures \u00fcbernimmt jedoch keine Verpflichtung zur Aktualisierung der Materialien.<\/span> <\/p>\n<h3 class=\"font_3\"><span class=\"color_11\">6. Links<\/span><\/h3>\n<p class=\"font_8\"><span class=\"color_11\">Country World Adventures hat nicht alle mit seiner Website verkn\u00fcpften Websites \u00fcberpr\u00fcft und ist nicht verantwortlich f\u00fcr den Inhalt dieser verlinkten Websites. Die Aufnahme eines Links bedeutet nicht, dass Country World Adventures diese Seite bef\u00fcrwortet. Die Nutzung einer solchen verlinkten Website erfolgt auf eigenes Risiko des Nutzers.<\/span> <\/p>\n<h3 class=\"font_3\"><span class=\"color_11\">7. \u00c4nderungen der Nutzungsbedingungen der Website<\/span><\/h3>\n<p class=\"font_8\"><span class=\"color_11\">Country World Adventures kann diese Nutzungsbedingungen f\u00fcr seine Website jederzeit und ohne Vorank\u00fcndigung \u00fcberarbeiten. Durch die Verwendung dieses  <\/span><span class=\"color_11\">Website<\/span><span class=\"color_11\"> erkl\u00e4ren Sie sich damit einverstanden, an die jeweils aktuelle Version dieser Nutzungsbedingungen gebunden zu sein.<\/span> <\/p>\n<h3 class=\"font_3\"><span class=\"color_11\">8. Geltendes Recht<\/span><\/h3>\n<p class=\"font_8\"><span class=\"color_11\">Jegliche Anspr\u00fcche in Bezug auf die Country World Adventures-Website unterliegen den Gesetzen des Staates Puerto Plata, ohne R\u00fccksicht auf kollisionsrechtliche Bestimmungen.<\/span><\/p>\n<p class=\"font_8\"><span class=\"color_11\"><span class=\"wixGuard\"><\/span><\/span><\/p>\n<p class=\"font_8\"><span class=\"color_11\"><span class=\"wixGuard\"><\/span><\/span><\/p>\n<p class=\"font_8\">Zuletzt aktualisiert am 17.12.2018<\/p>\n\t\t\t\t\t\t\t\t<\/div>\n\t\t\t\t<\/div>\n\t\t\t\t\t<\/div>\n\t\t<\/div>\n\t\t\t\t\t<\/div>\n\t\t<\/section>\n\t\t\t\t<\/div>\n\t\t","protected":false},"excerpt":{"rendered":"<p>Nutzungsbedingungen 1. Begriffe Durch den Zugriff auf diese Websiteerkl\u00e4ren Sie sich mit diesen Nutzungsbedingungen und allen geltenden Gesetzen und Vorschriften einverstanden und stimmen zu, dass Sie f\u00fcr die Einhaltung aller geltenden lokalen Gesetze verantwortlich sind. Wenn Sie mit einer dieser Bedingungen nicht einverstanden sind, ist Ihnen die Nutzung oder der Zugriff auf diese Website untersagt. [&hellip;]<\/p>\n","protected":false},"author":1,"featured_media":0,"parent":0,"menu_order":0,"comment_status":"closed","ping_status":"closed","template":"","meta":{"om_disable_all_campaigns":false,"_monsterinsights_skip_tracking":false,"_monsterinsights_sitenote_active":false,"_monsterinsights_sitenote_note":"","_monsterinsights_sitenote_category":0,"_uf_show_specific_survey":0,"_uf_disable_surveys":false,"site-sidebar-layout":"no-sidebar","site-content-layout":"page-builder","ast-site-content-layout":"default","site-content-style":"default","site-sidebar-style":"default","ast-global-header-display":"","ast-banner-title-visibility":"","ast-main-header-display":"","ast-hfb-above-header-display":"","ast-hfb-below-header-display":"","ast-hfb-mobile-header-display":"","site-post-title":"disabled","ast-breadcrumbs-content":"","ast-featured-img":"disabled","footer-sml-layout":"","ast-disable-related-posts":"","theme-transparent-header-meta":"default","adv-header-id-meta":"","stick-header-meta":"","header-above-stick-meta":"","header-main-stick-meta":"","header-below-stick-meta":"","astra-migrate-meta-layouts":"default","ast-page-background-enabled":"default","ast-page-background-meta":{"desktop":{"background-color":"var(--ast-global-color-4)","background-image":"","background-repeat":"repeat","background-position":"center center","background-size":"auto","background-attachment":"scroll","background-type":"","background-media":"","overlay-type":"","overlay-color":"","overlay-opacity":"","overlay-gradient":""},"tablet":{"background-color":"","background-image":"","background-repeat":"repeat","background-position":"center center","background-size":"auto","background-attachment":"scroll","background-type":"","background-media":"","overlay-type":"","overlay-color":"","overlay-opacity":"","overlay-gradient":""},"mobile":{"background-color":"","background-image":"","background-repeat":"repeat","background-position":"center center","background-size":"auto","background-attachment":"scroll","background-type":"","background-media":"","overlay-type":"","overlay-color":"","overlay-opacity":"","overlay-gradient":""}},"ast-content-background-meta":{"desktop":{"background-color":"var(--ast-global-color-5)","background-image":"","background-repeat":"repeat","background-position":"center center","background-size":"auto","background-attachment":"scroll","background-type":"","background-media":"","overlay-type":"","overlay-color":"","overlay-opacity":"","overlay-gradient":""},"tablet":{"background-color":"var(--ast-global-color-5)","background-image":"","background-repeat":"repeat","background-position":"center center","background-size":"auto","background-attachment":"scroll","background-type":"","background-media":"","overlay-type":"","overlay-color":"","overlay-opacity":"","overlay-gradient":""},"mobile":{"background-color":"var(--ast-global-color-5)","background-image":"","background-repeat":"repeat","background-position":"center center","background-size":"auto","background-attachment":"scroll","background-type":"","background-media":"","overlay-type":"","overlay-color":"","overlay-opacity":"","overlay-gradient":""}},"footnotes":""},"class_list":["post-770","page","type-page","status-publish","hentry"],"aioseo_notices":[],"_links":{"self":[{"href":"https:\/\/countryworldadventures.com\/de\/wp-json\/wp\/v2\/pages\/770","targetHints":{"allow":["GET"]}}],"collection":[{"href":"https:\/\/countryworldadventures.com\/de\/wp-json\/wp\/v2\/pages"}],"about":[{"href":"https:\/\/countryworldadventures.com\/de\/wp-json\/wp\/v2\/types\/page"}],"author":[{"embeddable":true,"href":"https:\/\/countryworldadventures.com\/de\/wp-json\/wp\/v2\/users\/1"}],"replies":[{"embeddable":true,"href":"https:\/\/countryworldadventures.com\/de\/wp-json\/wp\/v2\/comments?post=770"}],"version-history":[{"count":7,"href":"https:\/\/countryworldadventures.com\/de\/wp-json\/wp\/v2\/pages\/770\/revisions"}],"predecessor-version":[{"id":1357,"href":"https:\/\/countryworldadventures.com\/de\/wp-json\/wp\/v2\/pages\/770\/revisions\/1357"}],"wp:attachment":[{"href":"https:\/\/countryworldadventures.com\/de\/wp-json\/wp\/v2\/media?parent=770"}],"curies":[{"name":"wp","href":"https:\/\/api.w.org\/{rel}","templated":true}]}}