{"id":767,"date":"2021-08-20T16:31:31","date_gmt":"2021-08-20T14:31:31","guid":{"rendered":"https:\/\/countryworldadventures.com\/buchungspolitik\/"},"modified":"2024-08-05T14:22:02","modified_gmt":"2024-08-05T12:22:02","slug":"buchungspolitik","status":"publish","type":"page","link":"https:\/\/countryworldadventures.com\/de\/buchungspolitik\/","title":{"rendered":"Buchungsrichtlinien"},"content":{"rendered":"\t\t<div data-elementor-type=\"wp-page\" data-elementor-id=\"767\" class=\"elementor elementor-767 elementor-132\" data-elementor-post-type=\"page\">\n\t\t\t\t\t\t<section class=\"elementor-section elementor-top-section elementor-element elementor-element-390b50bc elementor-section-boxed elementor-section-height-default elementor-section-height-default\" data-id=\"390b50bc\" data-element_type=\"section\" data-e-type=\"section\">\n\t\t\t\t\t\t<div class=\"elementor-container elementor-column-gap-default\">\n\t\t\t\t\t<div class=\"elementor-column elementor-col-100 elementor-top-column elementor-element elementor-element-55ad211f\" data-id=\"55ad211f\" data-element_type=\"column\" data-e-type=\"column\">\n\t\t\t<div class=\"elementor-widget-wrap elementor-element-populated\">\n\t\t\t\t\t\t<div class=\"elementor-element elementor-element-6b73a425 elementor-widget elementor-widget-heading\" data-id=\"6b73a425\" data-element_type=\"widget\" data-e-type=\"widget\" data-widget_type=\"heading.default\">\n\t\t\t\t<div class=\"elementor-widget-container\">\n\t\t\t\t\t<h1 class=\"elementor-heading-title elementor-size-default\">Buchungspolitik  <\/h1>\t\t\t\t<\/div>\n\t\t\t\t<\/div>\n\t\t\t\t<div class=\"elementor-element elementor-element-742891de elementor-widget elementor-widget-text-editor\" data-id=\"742891de\" data-element_type=\"widget\" data-e-type=\"widget\" data-widget_type=\"text-editor.default\">\n\t\t\t\t<div class=\"elementor-widget-container\">\n\t\t\t\t\t\t\t\t\t<ul>\n<li><b>Buchungsbedingungen f\u00fcr Country World Adventures by Inter Hispaniola S.R.L.<\/b><\/li>\n<\/ul>\n<p><b>1. Buchungsvorgang<\/b><\/p>\n<ol style=\"margin-top: 0cm;\" start=\"1\" type=\"1\">\n<li><b>Reservierungsanforderungen:<\/b> Reservierungen k\u00f6nnen im Voraus \u00fcber unsere Online-Plattform oder pers\u00f6nlich in unserem Park vorgenommen werden.\nWenn Sie online buchen, ben\u00f6tigen Sie eine g\u00fcltige Kreditkarte, um Ihre Buchung zu sichern. <\/li>\n<li><b>Best\u00e4tigung:<\/b> Sobald eine Buchung erfolgt ist, wird eine Best\u00e4tigungs-E-Mail mit den Details Ihrer Reservierung verschickt.<\/li>\n<li><b>Gruppenbuchungen:<\/b> F\u00fcr Gruppenbuchungen (mehr als 10 Personen) setzen Sie sich bitte direkt mit uns in Verbindung, um Verf\u00fcgbarkeit und Preise zu besprechen.<\/li>\n<\/ol>\n<div>&nbsp;<\/div>\n<p><b>2. Bezahlung<\/b><\/p>\n<ol style=\"margin-top: 0cm;\" start=\"1\" type=\"1\">\n<li><b>Vollst\u00e4ndige Zahlung: <\/b>Die vollst\u00e4ndige Zahlung ist zum Zeitpunkt der Buchung erforderlich, um Ihre Reservierung zu sichern.<b><\/b><\/li>\n<li><b>Kautionen: <\/b>Anzahlungen k\u00f6nnen nur nach ausdr\u00fccklicher Vereinbarung mit Country World Adventures by Inter Hispaniola S.R.L.<b> <\/b>geleistet werden. Wenn eine Anzahlung vereinbart wurde, ist der Restbetrag am Tag der Tour f\u00e4llig.<b><\/b><\/li>\n<li><b>Akzeptierte Zahlungsarten: <\/b>Wir akzeptieren die wichtigsten Kreditkarten, Debitkarten und Bargeld.<\/li>\n<\/ol>\n<div>&nbsp;<\/div>\n<p><b>3. Stornierung und R\u00fcckerstattung<\/b><\/p>\n<ol style=\"margin-top: 0cm;\" start=\"1\" type=\"1\">\n<li><b>Stornierungen von Kunden:<\/b><br><ul style=\"margin-top: 0cm;\" type=\"circle\">\n<li><b>Mehr als 24 Stunden vor der Tour:<\/b> Volle R\u00fcckerstattung.<\/li>\n<li><b>Weniger als 24 Stunden vor der Tour:<\/b> 50% Erstattung.<\/li>\n<li><b>No Show bei Abholung:<\/b> Keine Erstattung.<\/li><li><b>F\u00fcr Kreuzfahrtpassagiere:<\/b> Sollte Ihre Kreuzfahrt aus unvorhergesehenen Gr\u00fcnden nicht im Hafen anlegen k\u00f6nnen, erhalten Sie eine vollst\u00e4ndige R\u00fcckerstattung.<br><\/li>\n<\/ul>\n<\/li>\n<\/ol>\n<p style=\"margin-left: 36.0pt;\"><b>M\u00f6chten Sie stornieren?<\/b> Bitte&nbsp;<a href=\"https:\/\/countryworldadventures.com\/de\/kontakt\/\">hier klicken<\/a>.&nbsp;<\/p>\n<ol style=\"margin-top: 0cm;\" start=\"2\" type=\"1\">\n<li><b>Stornierungen durch das Unternehmen:<\/b> Wenn Country World Adventures by Inter Hispaniola S.R.L. eine Tour aufgrund von Wetterbedingungen, Sicherheitsbedenken oder anderen unvorhergesehenen Umst\u00e4nden absagen muss, wird eine vollst\u00e4ndige R\u00fcckerstattung oder eine Option auf einen neuen Termin angeboten.<\/li>\n<\/ol>\n<div>&nbsp;<\/div>\n<p><b>4. \u00c4nderungen und Umplanungen<\/b><\/p>\n<ol style=\"margin-top: 0cm;\" start=\"1\" type=\"1\">\n<li><b>Vom Kunden veranlasste \u00c4nderungen:<\/b> Um \u00c4nderungen an Ihrer Reservierung vorzunehmen, rufen Sie uns bitte an oder verwenden Sie unser Kontaktformular.<\/li>\n<li><b>Umplanen:<\/b> Kunden k\u00f6nnen ihre Tour ohne zus\u00e4tzliche Kosten verschieben, wenn die Anfrage mindestens 24 Stunden im Voraus gestellt wird.\nWenn Kunden weniger als 24 Stunden vor der Tour um eine Verschiebung bitten, kann eine zus\u00e4tzliche Geb\u00fchr anfallen. <\/li>\n<\/ol>\n<div>&nbsp;<\/div>\n<p><b>5. Teilnahmebedingungen<\/b><\/p>\n<ol style=\"margin-top: 0cm;\" start=\"1\" type=\"1\">\n<li><b>Verzichtserkl\u00e4rungen:<\/b> Alle Teilnehmer m\u00fcssen vor der Teilnahme an der Tour eine Verzichtserkl\u00e4rung unterschreiben.<\/li>\n<\/ol>\n<div>&nbsp;<\/div>\n<p><b>6. Haftung<\/b><\/p>\n<p>Country World Adventures by Inter Hispaniola S.R.L. ist nicht verantwortlich f\u00fcr Personensch\u00e4den, Verlust oder Besch\u00e4digung von pers\u00f6nlichen Gegenst\u00e4nden w\u00e4hrend der Tour.\nDie Teilnehmer nehmen an den Aktivit\u00e4ten auf eigene Gefahr teil. <\/p>\n<p><b>7. Kontaktinformationen<\/b><\/p>\n<p>Wenn Sie Fragen oder Bedenken bez\u00fcglich Ihrer Buchung haben, wenden Sie sich bitte an <a href=\"mailto:booking@countryworldadventures.com\">booking@countryworldadventures.com<\/a> oder verwenden Sie unser Kontaktformular.<\/p>\t\t\t\t\t\t\t\t<\/div>\n\t\t\t\t<\/div>\n\t\t\t\t\t<\/div>\n\t\t<\/div>\n\t\t\t\t\t<\/div>\n\t\t<\/section>\n\t\t\t\t<\/div>\n\t\t","protected":false},"excerpt":{"rendered":"<p>Buchungspolitik Buchungsbedingungen f\u00fcr Country World Adventures by Inter Hispaniola S.R.L. 1. Buchungsvorgang Reservierungsanforderungen: Reservierungen k\u00f6nnen im Voraus \u00fcber unsere Online-Plattform oder pers\u00f6nlich in unserem Park vorgenommen werden. Wenn Sie online buchen, ben\u00f6tigen Sie eine g\u00fcltige Kreditkarte, um Ihre Buchung zu sichern. Best\u00e4tigung: Sobald eine Buchung erfolgt ist, wird eine Best\u00e4tigungs-E-Mail mit den Details Ihrer Reservierung [&hellip;]<\/p>\n","protected":false},"author":1,"featured_media":0,"parent":0,"menu_order":0,"comment_status":"closed","ping_status":"closed","template":"","meta":{"om_disable_all_campaigns":false,"_monsterinsights_skip_tracking":false,"_monsterinsights_sitenote_active":false,"_monsterinsights_sitenote_note":"","_monsterinsights_sitenote_category":0,"_uf_show_specific_survey":0,"_uf_disable_surveys":false,"site-sidebar-layout":"no-sidebar","site-content-layout":"page-builder","ast-site-content-layout":"default","site-content-style":"default","site-sidebar-style":"default","ast-global-header-display":"","ast-banner-title-visibility":"","ast-main-header-display":"","ast-hfb-above-header-display":"","ast-hfb-below-header-display":"","ast-hfb-mobile-header-display":"","site-post-title":"disabled","ast-breadcrumbs-content":"","ast-featured-img":"disabled","footer-sml-layout":"","ast-disable-related-posts":"","theme-transparent-header-meta":"default","adv-header-id-meta":"","stick-header-meta":"","header-above-stick-meta":"","header-main-stick-meta":"","header-below-stick-meta":"","astra-migrate-meta-layouts":"default","ast-page-background-enabled":"default","ast-page-background-meta":{"desktop":{"background-color":"var(--ast-global-color-4)","background-image":"","background-repeat":"repeat","background-position":"center center","background-size":"auto","background-attachment":"scroll","background-type":"","background-media":"","overlay-type":"","overlay-color":"","overlay-opacity":"","overlay-gradient":""},"tablet":{"background-color":"","background-image":"","background-repeat":"repeat","background-position":"center center","background-size":"auto","background-attachment":"scroll","background-type":"","background-media":"","overlay-type":"","overlay-color":"","overlay-opacity":"","overlay-gradient":""},"mobile":{"background-color":"","background-image":"","background-repeat":"repeat","background-position":"center center","background-size":"auto","background-attachment":"scroll","background-type":"","background-media":"","overlay-type":"","overlay-color":"","overlay-opacity":"","overlay-gradient":""}},"ast-content-background-meta":{"desktop":{"background-color":"var(--ast-global-color-5)","background-image":"","background-repeat":"repeat","background-position":"center center","background-size":"auto","background-attachment":"scroll","background-type":"","background-media":"","overlay-type":"","overlay-color":"","overlay-opacity":"","overlay-gradient":""},"tablet":{"background-color":"var(--ast-global-color-5)","background-image":"","background-repeat":"repeat","background-position":"center center","background-size":"auto","background-attachment":"scroll","background-type":"","background-media":"","overlay-type":"","overlay-color":"","overlay-opacity":"","overlay-gradient":""},"mobile":{"background-color":"var(--ast-global-color-5)","background-image":"","background-repeat":"repeat","background-position":"center center","background-size":"auto","background-attachment":"scroll","background-type":"","background-media":"","overlay-type":"","overlay-color":"","overlay-opacity":"","overlay-gradient":""}},"footnotes":""},"class_list":["post-767","page","type-page","status-publish","hentry"],"aioseo_notices":[],"_links":{"self":[{"href":"https:\/\/countryworldadventures.com\/de\/wp-json\/wp\/v2\/pages\/767","targetHints":{"allow":["GET"]}}],"collection":[{"href":"https:\/\/countryworldadventures.com\/de\/wp-json\/wp\/v2\/pages"}],"about":[{"href":"https:\/\/countryworldadventures.com\/de\/wp-json\/wp\/v2\/types\/page"}],"author":[{"embeddable":true,"href":"https:\/\/countryworldadventures.com\/de\/wp-json\/wp\/v2\/users\/1"}],"replies":[{"embeddable":true,"href":"https:\/\/countryworldadventures.com\/de\/wp-json\/wp\/v2\/comments?post=767"}],"version-history":[{"count":10,"href":"https:\/\/countryworldadventures.com\/de\/wp-json\/wp\/v2\/pages\/767\/revisions"}],"predecessor-version":[{"id":1891,"href":"https:\/\/countryworldadventures.com\/de\/wp-json\/wp\/v2\/pages\/767\/revisions\/1891"}],"wp:attachment":[{"href":"https:\/\/countryworldadventures.com\/de\/wp-json\/wp\/v2\/media?parent=767"}],"curies":[{"name":"wp","href":"https:\/\/api.w.org\/{rel}","templated":true}]}}